{"id":16,"date":"2022-02-06T19:48:38","date_gmt":"2022-02-06T18:48:38","guid":{"rendered":"https:\/\/psychologparadowska.pl\/?page_id=16"},"modified":"2024-03-24T22:14:30","modified_gmt":"2024-03-24T21:14:30","slug":"kontakt","status":"publish","type":"page","link":"https:\/\/psychologparadowska.pl\/index.php\/kontakt\/","title":{"rendered":"Kontakt"},"content":{"rendered":"\n<p>Telefon kontaktowy: 796 015 526  <\/p>\n\n\n\n<p>Email: magda.paradowska@gmail.com<\/p>\n\n\n\n<p>Centrum Psychoterapii i Poradnictwa Phanari<\/p>\n\n\n\n<p>ul. Go\u017adzikowa 47, 87-100 Toru\u0144<\/p>\n","protected":false},"excerpt":{"rendered":"<p>Telefon kontaktowy: 796 015 526 Email: magda.paradowska@gmail.com Centrum Psychoterapii i Poradnictwa Phanari ul. Go\u017adzikowa 47, 87-100 Toru\u0144<\/p>\n","protected":false},"author":1,"featured_media":18,"parent":0,"menu_order":0,"comment_status":"closed","ping_status":"closed","template":"","meta":{"footnotes":""},"yoast_head":"<!-- This site is optimized with the Yoast SEO plugin v22.3 - https:\/\/yoast.com\/wordpress\/plugins\/seo\/ -->\n<title>Kontakt - psychologparadowska.pl<\/title>\n<meta name=\"robots\" content=\"index, follow, max-snippet:-1, max-image-preview:large, max-video-preview:-1\" \/>\n<link rel=\"canonical\" href=\"https:\/\/psychologparadowska.pl\/index.php\/kontakt\/\" \/>\n<meta property=\"og:locale\" content=\"pl_PL\" \/>\n<meta property=\"og:type\" content=\"article\" \/>\n<meta property=\"og:title\" content=\"Kontakt - psychologparadowska.pl\" \/>\n<meta property=\"og:description\" content=\"Telefon kontaktowy: 796 015 526 Email: magda.paradowska@gmail.com Centrum Psychoterapii i Poradnictwa Phanari ul. Go\u017adzikowa 47, 87-100 Toru\u0144\" \/>\n<meta property=\"og:url\" content=\"https:\/\/psychologparadowska.pl\/index.php\/kontakt\/\" \/>\n<meta property=\"og:site_name\" content=\"psychologparadowska.pl\" \/>\n<meta property=\"article:modified_time\" content=\"2024-03-24T21:14:30+00:00\" \/>\n<meta property=\"og:image\" content=\"https:\/\/psychologparadowska.pl\/wp-content\/uploads\/2022\/02\/laptop-g83bc78dd0_1920.jpg\" \/>\n\t<meta property=\"og:image:width\" content=\"1920\" \/>\n\t<meta property=\"og:image:height\" content=\"1280\" \/>\n\t<meta property=\"og:image:type\" content=\"image\/jpeg\" \/>\n<meta name=\"twitter:card\" content=\"summary_large_image\" \/>\n<meta name=\"twitter:label1\" content=\"Szacowany czas czytania\" \/>\n\t<meta name=\"twitter:data1\" content=\"1 minuta\" \/>\n<script type=\"application\/ld+json\" class=\"yoast-schema-graph\">{\"@context\":\"https:\/\/schema.org\",\"@graph\":[{\"@type\":\"WebPage\",\"@id\":\"https:\/\/psychologparadowska.pl\/index.php\/kontakt\/\",\"url\":\"https:\/\/psychologparadowska.pl\/index.php\/kontakt\/\",\"name\":\"Kontakt - psychologparadowska.pl\",\"isPartOf\":{\"@id\":\"https:\/\/psychologparadowska.pl\/#website\"},\"primaryImageOfPage\":{\"@id\":\"https:\/\/psychologparadowska.pl\/index.php\/kontakt\/#primaryimage\"},\"image\":{\"@id\":\"https:\/\/psychologparadowska.pl\/index.php\/kontakt\/#primaryimage\"},\"thumbnailUrl\":\"https:\/\/psychologparadowska.pl\/wp-content\/uploads\/2022\/02\/laptop-g83bc78dd0_1920.jpg\",\"datePublished\":\"2022-02-06T18:48:38+00:00\",\"dateModified\":\"2024-03-24T21:14:30+00:00\",\"breadcrumb\":{\"@id\":\"https:\/\/psychologparadowska.pl\/index.php\/kontakt\/#breadcrumb\"},\"inLanguage\":\"pl-PL\",\"potentialAction\":[{\"@type\":\"ReadAction\",\"target\":[\"https:\/\/psychologparadowska.pl\/index.php\/kontakt\/\"]}]},{\"@type\":\"ImageObject\",\"inLanguage\":\"pl-PL\",\"@id\":\"https:\/\/psychologparadowska.pl\/index.php\/kontakt\/#primaryimage\",\"url\":\"https:\/\/psychologparadowska.pl\/wp-content\/uploads\/2022\/02\/laptop-g83bc78dd0_1920.jpg\",\"contentUrl\":\"https:\/\/psychologparadowska.pl\/wp-content\/uploads\/2022\/02\/laptop-g83bc78dd0_1920.jpg\",\"width\":1920,\"height\":1280},{\"@type\":\"BreadcrumbList\",\"@id\":\"https:\/\/psychologparadowska.pl\/index.php\/kontakt\/#breadcrumb\",\"itemListElement\":[{\"@type\":\"ListItem\",\"position\":1,\"name\":\"Strona g\u0142\u00f3wna\",\"item\":\"https:\/\/psychologparadowska.pl\/\"},{\"@type\":\"ListItem\",\"position\":2,\"name\":\"Kontakt\"}]},{\"@type\":\"WebSite\",\"@id\":\"https:\/\/psychologparadowska.pl\/#website\",\"url\":\"https:\/\/psychologparadowska.pl\/\",\"name\":\"psychologparadowska.pl\",\"description\":\"psycholog - wsparcie dla dzieci, m\u0142odzie\u017cy i doros\u0142ych\",\"publisher\":{\"@id\":\"https:\/\/psychologparadowska.pl\/#\/schema\/person\/40069f7c5ba80d6a3e801dc43f68cb49\"},\"potentialAction\":[{\"@type\":\"SearchAction\",\"target\":{\"@type\":\"EntryPoint\",\"urlTemplate\":\"https:\/\/psychologparadowska.pl\/?s={search_term_string}\"},\"query-input\":\"required name=search_term_string\"}],\"inLanguage\":\"pl-PL\"},{\"@type\":[\"Person\",\"Organization\"],\"@id\":\"https:\/\/psychologparadowska.pl\/#\/schema\/person\/40069f7c5ba80d6a3e801dc43f68cb49\",\"name\":\"Magdalena Paradowska\",\"image\":{\"@type\":\"ImageObject\",\"inLanguage\":\"pl-PL\",\"@id\":\"https:\/\/psychologparadowska.pl\/#\/schema\/person\/image\/\",\"url\":\"https:\/\/psychologparadowska.pl\/wp-content\/uploads\/2022\/02\/Paradowska-Magdalena-1-Stoklosa-scaled.jpg\",\"contentUrl\":\"https:\/\/psychologparadowska.pl\/wp-content\/uploads\/2022\/02\/Paradowska-Magdalena-1-Stoklosa-scaled.jpg\",\"width\":1846,\"height\":2560,\"caption\":\"Magdalena Paradowska\"},\"logo\":{\"@id\":\"https:\/\/psychologparadowska.pl\/#\/schema\/person\/image\/\"},\"sameAs\":[\"http:\/\/psychologparadowska.pl\"]}]}<\/script>\n<!-- \/ Yoast SEO plugin. -->","yoast_head_json":{"title":"Kontakt - psychologparadowska.pl","robots":{"index":"index","follow":"follow","max-snippet":"max-snippet:-1","max-image-preview":"max-image-preview:large","max-video-preview":"max-video-preview:-1"},"canonical":"https:\/\/psychologparadowska.pl\/index.php\/kontakt\/","og_locale":"pl_PL","og_type":"article","og_title":"Kontakt - psychologparadowska.pl","og_description":"Telefon kontaktowy: 796 015 526 Email: magda.paradowska@gmail.com Centrum Psychoterapii i Poradnictwa Phanari ul. Go\u017adzikowa 47, 87-100 Toru\u0144","og_url":"https:\/\/psychologparadowska.pl\/index.php\/kontakt\/","og_site_name":"psychologparadowska.pl","article_modified_time":"2024-03-24T21:14:30+00:00","og_image":[{"width":1920,"height":1280,"url":"https:\/\/psychologparadowska.pl\/wp-content\/uploads\/2022\/02\/laptop-g83bc78dd0_1920.jpg","type":"image\/jpeg"}],"twitter_card":"summary_large_image","twitter_misc":{"Szacowany czas czytania":"1 minuta"},"schema":{"@context":"https:\/\/schema.org","@graph":[{"@type":"WebPage","@id":"https:\/\/psychologparadowska.pl\/index.php\/kontakt\/","url":"https:\/\/psychologparadowska.pl\/index.php\/kontakt\/","name":"Kontakt - psychologparadowska.pl","isPartOf":{"@id":"https:\/\/psychologparadowska.pl\/#website"},"primaryImageOfPage":{"@id":"https:\/\/psychologparadowska.pl\/index.php\/kontakt\/#primaryimage"},"image":{"@id":"https:\/\/psychologparadowska.pl\/index.php\/kontakt\/#primaryimage"},"thumbnailUrl":"https:\/\/psychologparadowska.pl\/wp-content\/uploads\/2022\/02\/laptop-g83bc78dd0_1920.jpg","datePublished":"2022-02-06T18:48:38+00:00","dateModified":"2024-03-24T21:14:30+00:00","breadcrumb":{"@id":"https:\/\/psychologparadowska.pl\/index.php\/kontakt\/#breadcrumb"},"inLanguage":"pl-PL","potentialAction":[{"@type":"ReadAction","target":["https:\/\/psychologparadowska.pl\/index.php\/kontakt\/"]}]},{"@type":"ImageObject","inLanguage":"pl-PL","@id":"https:\/\/psychologparadowska.pl\/index.php\/kontakt\/#primaryimage","url":"https:\/\/psychologparadowska.pl\/wp-content\/uploads\/2022\/02\/laptop-g83bc78dd0_1920.jpg","contentUrl":"https:\/\/psychologparadowska.pl\/wp-content\/uploads\/2022\/02\/laptop-g83bc78dd0_1920.jpg","width":1920,"height":1280},{"@type":"BreadcrumbList","@id":"https:\/\/psychologparadowska.pl\/index.php\/kontakt\/#breadcrumb","itemListElement":[{"@type":"ListItem","position":1,"name":"Strona g\u0142\u00f3wna","item":"https:\/\/psychologparadowska.pl\/"},{"@type":"ListItem","position":2,"name":"Kontakt"}]},{"@type":"WebSite","@id":"https:\/\/psychologparadowska.pl\/#website","url":"https:\/\/psychologparadowska.pl\/","name":"psychologparadowska.pl","description":"psycholog - wsparcie dla dzieci, m\u0142odzie\u017cy i doros\u0142ych","publisher":{"@id":"https:\/\/psychologparadowska.pl\/#\/schema\/person\/40069f7c5ba80d6a3e801dc43f68cb49"},"potentialAction":[{"@type":"SearchAction","target":{"@type":"EntryPoint","urlTemplate":"https:\/\/psychologparadowska.pl\/?s={search_term_string}"},"query-input":"required name=search_term_string"}],"inLanguage":"pl-PL"},{"@type":["Person","Organization"],"@id":"https:\/\/psychologparadowska.pl\/#\/schema\/person\/40069f7c5ba80d6a3e801dc43f68cb49","name":"Magdalena Paradowska","image":{"@type":"ImageObject","inLanguage":"pl-PL","@id":"https:\/\/psychologparadowska.pl\/#\/schema\/person\/image\/","url":"https:\/\/psychologparadowska.pl\/wp-content\/uploads\/2022\/02\/Paradowska-Magdalena-1-Stoklosa-scaled.jpg","contentUrl":"https:\/\/psychologparadowska.pl\/wp-content\/uploads\/2022\/02\/Paradowska-Magdalena-1-Stoklosa-scaled.jpg","width":1846,"height":2560,"caption":"Magdalena Paradowska"},"logo":{"@id":"https:\/\/psychologparadowska.pl\/#\/schema\/person\/image\/"},"sameAs":["http:\/\/psychologparadowska.pl"]}]}},"_links":{"self":[{"href":"https:\/\/psychologparadowska.pl\/index.php\/wp-json\/wp\/v2\/pages\/16"}],"collection":[{"href":"https:\/\/psychologparadowska.pl\/index.php\/wp-json\/wp\/v2\/pages"}],"about":[{"href":"https:\/\/psychologparadowska.pl\/index.php\/wp-json\/wp\/v2\/types\/page"}],"author":[{"embeddable":true,"href":"https:\/\/psychologparadowska.pl\/index.php\/wp-json\/wp\/v2\/users\/1"}],"replies":[{"embeddable":true,"href":"https:\/\/psychologparadowska.pl\/index.php\/wp-json\/wp\/v2\/comments?post=16"}],"version-history":[{"count":3,"href":"https:\/\/psychologparadowska.pl\/index.php\/wp-json\/wp\/v2\/pages\/16\/revisions"}],"predecessor-version":[{"id":121,"href":"https:\/\/psychologparadowska.pl\/index.php\/wp-json\/wp\/v2\/pages\/16\/revisions\/121"}],"wp:featuredmedia":[{"embeddable":true,"href":"https:\/\/psychologparadowska.pl\/index.php\/wp-json\/wp\/v2\/media\/18"}],"wp:attachment":[{"href":"https:\/\/psychologparadowska.pl\/index.php\/wp-json\/wp\/v2\/media?parent=16"}],"curies":[{"name":"wp","href":"https:\/\/api.w.org\/{rel}","templated":true}]}}