{"id":87,"date":"2023-01-16T16:15:22","date_gmt":"2023-01-16T15:15:22","guid":{"rendered":"https:\/\/psychologparadowska.pl\/?page_id=87"},"modified":"2023-01-16T16:54:51","modified_gmt":"2023-01-16T15:54:51","slug":"wsparcie-psychologiczne-dzieci-i-mlodziezy","status":"publish","type":"page","link":"https:\/\/psychologparadowska.pl\/index.php\/wsparcie-psychologiczne-dzieci-i-mlodziezy\/","title":{"rendered":"Wsparcie psychologiczne dzieci i m\u0142odzie\u017cy"},"content":{"rendered":"\n<ul>\n<li>diagnoza potrzeb rozwojowych i wyst\u0119puj\u0105cych trudno\u015bci u dzieci i m\u0142odzie\u017cy,<\/li>\n\n\n\n<li>udzielanie pomocy w sytuacji kryzysu,<\/li>\n\n\n\n<li>wsparcie w trudno\u015bciach emocjonalnych, trudno\u015bciach w zachowaniu dziecka,<\/li>\n\n\n\n<li>pomoc w nabywaniu umiej\u0119tno\u015bci spo\u0142ecznych,<\/li>\n\n\n\n<li>praca nad poczuciem w\u0142asnej warto\u015bci dziecka,<\/li>\n\n\n\n<li>wsparcie rodzic\u00f3w w radzeniu sobie z trudno\u015bciami wychowawczymi oraz umacnianiu wi\u0119zi emocjonalnej z dzie\u0107mi.<\/li>\n<\/ul>\n","protected":false},"excerpt":{"rendered":"","protected":false},"author":1,"featured_media":0,"parent":0,"menu_order":0,"comment_status":"closed","ping_status":"closed","template":"","meta":{"footnotes":""},"yoast_head":"<!-- This site is optimized with the Yoast SEO plugin v22.3 - https:\/\/yoast.com\/wordpress\/plugins\/seo\/ -->\n<title>Wsparcie psychologiczne dzieci i m\u0142odzie\u017cy - psychologparadowska.pl<\/title>\n<meta name=\"robots\" content=\"index, follow, max-snippet:-1, max-image-preview:large, max-video-preview:-1\" \/>\n<link rel=\"canonical\" href=\"https:\/\/psychologparadowska.pl\/index.php\/wsparcie-psychologiczne-dzieci-i-mlodziezy\/\" \/>\n<meta property=\"og:locale\" content=\"pl_PL\" \/>\n<meta property=\"og:type\" content=\"article\" \/>\n<meta property=\"og:title\" content=\"Wsparcie psychologiczne dzieci i m\u0142odzie\u017cy - psychologparadowska.pl\" \/>\n<meta property=\"og:url\" content=\"https:\/\/psychologparadowska.pl\/index.php\/wsparcie-psychologiczne-dzieci-i-mlodziezy\/\" \/>\n<meta property=\"og:site_name\" content=\"psychologparadowska.pl\" \/>\n<meta property=\"article:modified_time\" content=\"2023-01-16T15:54:51+00:00\" \/>\n<meta name=\"twitter:card\" content=\"summary_large_image\" \/>\n<meta name=\"twitter:label1\" content=\"Szacowany czas czytania\" \/>\n\t<meta name=\"twitter:data1\" content=\"1 minuta\" \/>\n<script type=\"application\/ld+json\" class=\"yoast-schema-graph\">{\"@context\":\"https:\/\/schema.org\",\"@graph\":[{\"@type\":\"WebPage\",\"@id\":\"https:\/\/psychologparadowska.pl\/index.php\/wsparcie-psychologiczne-dzieci-i-mlodziezy\/\",\"url\":\"https:\/\/psychologparadowska.pl\/index.php\/wsparcie-psychologiczne-dzieci-i-mlodziezy\/\",\"name\":\"Wsparcie psychologiczne dzieci i m\u0142odzie\u017cy - psychologparadowska.pl\",\"isPartOf\":{\"@id\":\"https:\/\/psychologparadowska.pl\/#website\"},\"datePublished\":\"2023-01-16T15:15:22+00:00\",\"dateModified\":\"2023-01-16T15:54:51+00:00\",\"breadcrumb\":{\"@id\":\"https:\/\/psychologparadowska.pl\/index.php\/wsparcie-psychologiczne-dzieci-i-mlodziezy\/#breadcrumb\"},\"inLanguage\":\"pl-PL\",\"potentialAction\":[{\"@type\":\"ReadAction\",\"target\":[\"https:\/\/psychologparadowska.pl\/index.php\/wsparcie-psychologiczne-dzieci-i-mlodziezy\/\"]}]},{\"@type\":\"BreadcrumbList\",\"@id\":\"https:\/\/psychologparadowska.pl\/index.php\/wsparcie-psychologiczne-dzieci-i-mlodziezy\/#breadcrumb\",\"itemListElement\":[{\"@type\":\"ListItem\",\"position\":1,\"name\":\"Strona g\u0142\u00f3wna\",\"item\":\"https:\/\/psychologparadowska.pl\/\"},{\"@type\":\"ListItem\",\"position\":2,\"name\":\"Wsparcie psychologiczne dzieci i m\u0142odzie\u017cy\"}]},{\"@type\":\"WebSite\",\"@id\":\"https:\/\/psychologparadowska.pl\/#website\",\"url\":\"https:\/\/psychologparadowska.pl\/\",\"name\":\"psychologparadowska.pl\",\"description\":\"psycholog - wsparcie dla dzieci, m\u0142odzie\u017cy i doros\u0142ych\",\"publisher\":{\"@id\":\"https:\/\/psychologparadowska.pl\/#\/schema\/person\/40069f7c5ba80d6a3e801dc43f68cb49\"},\"potentialAction\":[{\"@type\":\"SearchAction\",\"target\":{\"@type\":\"EntryPoint\",\"urlTemplate\":\"https:\/\/psychologparadowska.pl\/?s={search_term_string}\"},\"query-input\":\"required name=search_term_string\"}],\"inLanguage\":\"pl-PL\"},{\"@type\":[\"Person\",\"Organization\"],\"@id\":\"https:\/\/psychologparadowska.pl\/#\/schema\/person\/40069f7c5ba80d6a3e801dc43f68cb49\",\"name\":\"Magdalena Paradowska\",\"image\":{\"@type\":\"ImageObject\",\"inLanguage\":\"pl-PL\",\"@id\":\"https:\/\/psychologparadowska.pl\/#\/schema\/person\/image\/\",\"url\":\"https:\/\/psychologparadowska.pl\/wp-content\/uploads\/2022\/02\/Paradowska-Magdalena-1-Stoklosa-scaled.jpg\",\"contentUrl\":\"https:\/\/psychologparadowska.pl\/wp-content\/uploads\/2022\/02\/Paradowska-Magdalena-1-Stoklosa-scaled.jpg\",\"width\":1846,\"height\":2560,\"caption\":\"Magdalena Paradowska\"},\"logo\":{\"@id\":\"https:\/\/psychologparadowska.pl\/#\/schema\/person\/image\/\"},\"sameAs\":[\"http:\/\/psychologparadowska.pl\"]}]}<\/script>\n<!-- \/ Yoast SEO plugin. -->","yoast_head_json":{"title":"Wsparcie psychologiczne dzieci i m\u0142odzie\u017cy - psychologparadowska.pl","robots":{"index":"index","follow":"follow","max-snippet":"max-snippet:-1","max-image-preview":"max-image-preview:large","max-video-preview":"max-video-preview:-1"},"canonical":"https:\/\/psychologparadowska.pl\/index.php\/wsparcie-psychologiczne-dzieci-i-mlodziezy\/","og_locale":"pl_PL","og_type":"article","og_title":"Wsparcie psychologiczne dzieci i m\u0142odzie\u017cy - psychologparadowska.pl","og_url":"https:\/\/psychologparadowska.pl\/index.php\/wsparcie-psychologiczne-dzieci-i-mlodziezy\/","og_site_name":"psychologparadowska.pl","article_modified_time":"2023-01-16T15:54:51+00:00","twitter_card":"summary_large_image","twitter_misc":{"Szacowany czas czytania":"1 minuta"},"schema":{"@context":"https:\/\/schema.org","@graph":[{"@type":"WebPage","@id":"https:\/\/psychologparadowska.pl\/index.php\/wsparcie-psychologiczne-dzieci-i-mlodziezy\/","url":"https:\/\/psychologparadowska.pl\/index.php\/wsparcie-psychologiczne-dzieci-i-mlodziezy\/","name":"Wsparcie psychologiczne dzieci i m\u0142odzie\u017cy - psychologparadowska.pl","isPartOf":{"@id":"https:\/\/psychologparadowska.pl\/#website"},"datePublished":"2023-01-16T15:15:22+00:00","dateModified":"2023-01-16T15:54:51+00:00","breadcrumb":{"@id":"https:\/\/psychologparadowska.pl\/index.php\/wsparcie-psychologiczne-dzieci-i-mlodziezy\/#breadcrumb"},"inLanguage":"pl-PL","potentialAction":[{"@type":"ReadAction","target":["https:\/\/psychologparadowska.pl\/index.php\/wsparcie-psychologiczne-dzieci-i-mlodziezy\/"]}]},{"@type":"BreadcrumbList","@id":"https:\/\/psychologparadowska.pl\/index.php\/wsparcie-psychologiczne-dzieci-i-mlodziezy\/#breadcrumb","itemListElement":[{"@type":"ListItem","position":1,"name":"Strona g\u0142\u00f3wna","item":"https:\/\/psychologparadowska.pl\/"},{"@type":"ListItem","position":2,"name":"Wsparcie psychologiczne dzieci i m\u0142odzie\u017cy"}]},{"@type":"WebSite","@id":"https:\/\/psychologparadowska.pl\/#website","url":"https:\/\/psychologparadowska.pl\/","name":"psychologparadowska.pl","description":"psycholog - wsparcie dla dzieci, m\u0142odzie\u017cy i doros\u0142ych","publisher":{"@id":"https:\/\/psychologparadowska.pl\/#\/schema\/person\/40069f7c5ba80d6a3e801dc43f68cb49"},"potentialAction":[{"@type":"SearchAction","target":{"@type":"EntryPoint","urlTemplate":"https:\/\/psychologparadowska.pl\/?s={search_term_string}"},"query-input":"required name=search_term_string"}],"inLanguage":"pl-PL"},{"@type":["Person","Organization"],"@id":"https:\/\/psychologparadowska.pl\/#\/schema\/person\/40069f7c5ba80d6a3e801dc43f68cb49","name":"Magdalena Paradowska","image":{"@type":"ImageObject","inLanguage":"pl-PL","@id":"https:\/\/psychologparadowska.pl\/#\/schema\/person\/image\/","url":"https:\/\/psychologparadowska.pl\/wp-content\/uploads\/2022\/02\/Paradowska-Magdalena-1-Stoklosa-scaled.jpg","contentUrl":"https:\/\/psychologparadowska.pl\/wp-content\/uploads\/2022\/02\/Paradowska-Magdalena-1-Stoklosa-scaled.jpg","width":1846,"height":2560,"caption":"Magdalena Paradowska"},"logo":{"@id":"https:\/\/psychologparadowska.pl\/#\/schema\/person\/image\/"},"sameAs":["http:\/\/psychologparadowska.pl"]}]}},"_links":{"self":[{"href":"https:\/\/psychologparadowska.pl\/index.php\/wp-json\/wp\/v2\/pages\/87"}],"collection":[{"href":"https:\/\/psychologparadowska.pl\/index.php\/wp-json\/wp\/v2\/pages"}],"about":[{"href":"https:\/\/psychologparadowska.pl\/index.php\/wp-json\/wp\/v2\/types\/page"}],"author":[{"embeddable":true,"href":"https:\/\/psychologparadowska.pl\/index.php\/wp-json\/wp\/v2\/users\/1"}],"replies":[{"embeddable":true,"href":"https:\/\/psychologparadowska.pl\/index.php\/wp-json\/wp\/v2\/comments?post=87"}],"version-history":[{"count":1,"href":"https:\/\/psychologparadowska.pl\/index.php\/wp-json\/wp\/v2\/pages\/87\/revisions"}],"predecessor-version":[{"id":88,"href":"https:\/\/psychologparadowska.pl\/index.php\/wp-json\/wp\/v2\/pages\/87\/revisions\/88"}],"wp:attachment":[{"href":"https:\/\/psychologparadowska.pl\/index.php\/wp-json\/wp\/v2\/media?parent=87"}],"curies":[{"name":"wp","href":"https:\/\/api.w.org\/{rel}","templated":true}]}}